{"id":270,"date":"2020-01-25T06:48:13","date_gmt":"2020-01-25T06:48:13","guid":{"rendered":"https:\/\/cemsdachforum.com\/wordpress\/?page_id=270"},"modified":"2026-03-06T10:51:32","modified_gmt":"2026-03-06T10:51:32","slug":"imprint","status":"publish","type":"page","link":"https:\/\/cemsdachforum.com\/wordpress\/imprint\/","title":{"rendered":"Imprint"},"content":{"rendered":"\n<div style=\"height:50px\" aria-hidden=\"true\" class=\"wp-block-spacer\"><\/div>\n\n\n\n<p>Legal Notice \/ Imprint<\/p>\n\n\n\n<p><\/p>\n\n\n\n<p>PIM &amp; CEMS Student and Alumni Club Cologne e.V.<br>Z\u00fclpicher Stra\u00dfe 28<br>50674 K\u00f6ln<\/p>\n\n\n\n<p><strong>Vertretungsberechtigter Vorstand:<\/strong><\/p>\n\n\n\n<p>Daniel Apfel, Aileen De Nevi Bernasconi, Julia Dr\u00e4ger,&nbsp;Julian Engel\u200b\u200b\u200b\u200b\u200b\u200b,&nbsp;Charlotte F\u00fc\u00dfl,&nbsp;Timo Korbmacher, Chiara Marie Krause<\/p>\n\n\n\n<p>Registergericht: Amtsgericht K\u00f6ln<br>Registernummer: VR 9404<\/p>\n\n\n\n<p>USt-IdNr.:&nbsp;DE173911444<\/p>\n\n\n\n<p>Email: orga@cemsdachforum.com<\/p>\n\n\n\n<p>Authorized Representatives CEMS DACH Forum 2026:<br>Jennifer Abrams, Hana Stenger, Eyla Wientgen &#8211; Presidents, DACH Forum Cologne 2026<\/p>\n\n\n\n<p><strong>Disclaimer<\/strong><\/p>\n\n\n\n<p>The author reserves the right not to be responsible for the topicality, correctness, completeness or quality of the information provided. Liability claims regarding damage caused by the use of any information provided, including any kind of information which is incomplete or incorrect, will therefore be rejected. All offers are non-binding. The author expressly reserves the right to change, supplement or delete parts of the pages or the entire offer without prior notice or to discontinue publication temporarily or permanently.<\/p>\n\n\n\n<p><\/p>\n\n\n\n<p><strong>Liability for external links<\/strong><\/p>\n\n\n\n<p>Our website contains so-called &#8222;external links&#8220; (links) to other websites, on whose content we have no influence. For this reason, we cannot assume any liability for these contents. The respective provider of the linked website is responsible for the content and accuracy of the information provided. At the time of linking, no legal violations were apparent. If such an infringement becomes known, the link will be removed immediately.<\/p>\n\n\n\n<p><\/p>\n\n\n\n<p><strong>Copyright<\/strong><\/p>\n\n\n\n<p>The content and works on this website are subject to copyright law. Any reproduction, modification, distribution, or storage beyond the scope of copyright requires the prior written consent of the respective rights holder.<br><br>Downloads and copies are only permitted for private, non-commercial use. Unauthorized use of any content may result in legal consequences.<br><\/p>\n\n\n\n<p><strong>GDPR<\/strong><\/p>\n\n\n\n<p>If personal data is collected, this is only done, where possible, with the prior consent of the user of the website. Data will not be passed on to third parties without the express consent of the user.<\/p>\n\n\n\n<p><br>We would like to point out that the transmission of data on the Internet (e.g. by e-mail) is subject to security vulnerabilities and that complete protection of data against access by third parties cannot be guaranteed. We accept no liability for any damage caused by such security gaps.<\/p>\n\n\n\n<p><br>The use of contact data by third parties for commercial purposes is expressly prohibited. Unless we have given our prior written consent. We reserve the right to take legal action in the event of the unsolicited sending of advertising information, e.g. via spam e-mails.<\/p>\n\n\n\n<p><strong>Cookies<\/strong><\/p>\n\n\n\n<p>This website uses cookies to optimise user experience and analyse traffic. Learn more <a href=\"https:\/\/cemsdachforum.com\/wordpress\/cookie-richtlinie-eu\/\">here<\/a>.<\/p>\n\n\n\n<p><strong>Applicable Law<\/strong><\/p>\n\n\n\n<p>This website is governed by the laws of the Republic of Austria. The place of jurisdiction is Vienna, unless mandatory consumer protection regulations specify otherwise.<\/p>\n","protected":false},"excerpt":{"rendered":"<p>Legal Notice \/ Imprint PIM &amp; CEMS Student and Alumni Club Cologne e.V.Z\u00fclpicher Stra\u00dfe 2850674 K\u00f6ln Vertretungsberechtigter Vorstand: Daniel Apfel, Aileen De Nevi Bernasconi, Julia Dr\u00e4ger,&nbsp;Julian Engel\u200b\u200b\u200b\u200b\u200b\u200b,&nbsp;Charlotte F\u00fc\u00dfl,&nbsp;Timo Korbmacher, Chiara Marie Krause Registergericht: Amtsgericht K\u00f6lnRegisternummer: VR 9404 USt-IdNr.:&nbsp;DE173911444 Email: orga@cemsdachforum.com Authorized Representatives CEMS DACH Forum 2026:Jennifer Abrams, Hana Stenger, Eyla Wientgen &#8211; Presidents, DACH Forum Cologne 2026 Disclaimer The author reserves the right not to be responsible for the topicality, correctness, completeness or quality of the information provided. Liability claims regarding damage caused by the use of any information provided, including any kind of information which is incomplete or incorrect, will therefore be rejected. All offers are non-binding. The author expressly reserves the right to change, supplement or delete parts of the pages or the entire offer without prior notice or to discontinue publication temporarily or permanently. Liability for external links Our website contains so-called &#8222;external links&#8220; (links) to other websites, on whose content we have no influence. For this reason, we cannot assume any liability for these contents. The respective provider of the linked website is responsible for the content and accuracy of the information provided. At the time of linking, no legal violations were apparent. If such an infringement becomes known, the link will be removed immediately. Copyright The content and works on this website are subject to copyright law. Any reproduction, modification, distribution, or storage beyond the scope of copyright requires the prior written consent of the respective rights holder. Downloads and copies are only permitted for private, non-commercial use. Unauthorized use of any content may result in legal consequences. GDPR If personal data is collected, this is only done, where possible, with the prior consent of the user of the website. Data will not be passed on to third parties without the express consent of the user. We would like to point out that the transmission of data on the Internet (e.g. by e-mail) is subject to security vulnerabilities and that complete protection of data against access by third parties cannot be guaranteed. We accept no liability for any damage caused by such security gaps. The use of contact data by third parties for commercial purposes is expressly prohibited. Unless we have given our prior written consent. We reserve the right to take legal action in the event of the unsolicited sending of advertising information, e.g. via spam e-mails. Cookies This website uses cookies to optimise user experience and analyse traffic. Learn more here. Applicable Law This website is governed by the laws of the Republic of Austria. The place of jurisdiction is Vienna, unless mandatory consumer protection regulations specify otherwise.<\/p>\n","protected":false},"author":1,"featured_media":0,"parent":0,"menu_order":0,"comment_status":"closed","ping_status":"closed","template":"","meta":{"ub_ctt_via":"","gt_page_layout":"fullwidth","gt_hide_page_title":true,"gt_remove_bottom_margin":false,"footnotes":""},"class_list":["post-270","page","type-page","status-publish","hentry"],"featured_image_src":null,"yoast_head":"<!-- This site is optimized with the Yoast SEO plugin v27.4 - https:\/\/yoast.com\/product\/yoast-seo-wordpress\/ -->\n<title>Imprint &#8211; CEMS DACH Forum 2026<\/title>\n<meta name=\"description\" content=\"Impressum\" \/>\n<meta name=\"robots\" content=\"index, follow, max-snippet:-1, max-image-preview:large, max-video-preview:-1\" \/>\n<link rel=\"canonical\" href=\"https:\/\/cemsdachforum.com\/wordpress\/imprint\/\" \/>\n<meta property=\"og:locale\" content=\"de_DE\" \/>\n<meta property=\"og:type\" content=\"article\" \/>\n<meta property=\"og:title\" content=\"Imprint &#8211; CEMS DACH Forum 2026\" \/>\n<meta property=\"og:description\" content=\"Impressum\" \/>\n<meta property=\"og:url\" content=\"https:\/\/cemsdachforum.com\/wordpress\/imprint\/\" \/>\n<meta property=\"og:site_name\" content=\"CEMS DACH Forum 2026\" \/>\n<meta property=\"article:modified_time\" content=\"2026-03-06T10:51:32+00:00\" \/>\n<meta name=\"twitter:card\" content=\"summary_large_image\" \/>\n<meta name=\"twitter:label1\" content=\"Gesch\u00e4tzte Lesezeit\" \/>\n\t<meta name=\"twitter:data1\" content=\"3\u00a0Minuten\" \/>\n<script type=\"application\/ld+json\" class=\"yoast-schema-graph\">{\"@context\":\"https:\\\/\\\/schema.org\",\"@graph\":[{\"@type\":\"WebPage\",\"@id\":\"https:\\\/\\\/cemsdachforum.com\\\/wordpress\\\/imprint\\\/\",\"url\":\"https:\\\/\\\/cemsdachforum.com\\\/wordpress\\\/imprint\\\/\",\"name\":\"Imprint &#8211; CEMS DACH Forum 2026\",\"isPartOf\":{\"@id\":\"https:\\\/\\\/cemsdachforum.com\\\/wordpress\\\/#website\"},\"datePublished\":\"2020-01-25T06:48:13+00:00\",\"dateModified\":\"2026-03-06T10:51:32+00:00\",\"description\":\"Impressum\",\"breadcrumb\":{\"@id\":\"https:\\\/\\\/cemsdachforum.com\\\/wordpress\\\/imprint\\\/#breadcrumb\"},\"inLanguage\":\"de\",\"potentialAction\":[{\"@type\":\"ReadAction\",\"target\":[\"https:\\\/\\\/cemsdachforum.com\\\/wordpress\\\/imprint\\\/\"]}]},{\"@type\":\"BreadcrumbList\",\"@id\":\"https:\\\/\\\/cemsdachforum.com\\\/wordpress\\\/imprint\\\/#breadcrumb\",\"itemListElement\":[{\"@type\":\"ListItem\",\"position\":1,\"name\":\"Startseite\",\"item\":\"https:\\\/\\\/cemsdachforum.com\\\/wordpress\\\/\"},{\"@type\":\"ListItem\",\"position\":2,\"name\":\"Imprint\"}]},{\"@type\":\"WebSite\",\"@id\":\"https:\\\/\\\/cemsdachforum.com\\\/wordpress\\\/#website\",\"url\":\"https:\\\/\\\/cemsdachforum.com\\\/wordpress\\\/\",\"name\":\"CEMS DACH Forum 2025\",\"description\":\"26. - 29. May, Cologne\",\"publisher\":{\"@id\":\"https:\\\/\\\/cemsdachforum.com\\\/wordpress\\\/#organization\"},\"potentialAction\":[{\"@type\":\"SearchAction\",\"target\":{\"@type\":\"EntryPoint\",\"urlTemplate\":\"https:\\\/\\\/cemsdachforum.com\\\/wordpress\\\/?s={search_term_string}\"},\"query-input\":{\"@type\":\"PropertyValueSpecification\",\"valueRequired\":true,\"valueName\":\"search_term_string\"}}],\"inLanguage\":\"de\"},{\"@type\":\"Organization\",\"@id\":\"https:\\\/\\\/cemsdachforum.com\\\/wordpress\\\/#organization\",\"name\":\"CEMS DACH Forum\",\"url\":\"https:\\\/\\\/cemsdachforum.com\\\/wordpress\\\/\",\"logo\":{\"@type\":\"ImageObject\",\"inLanguage\":\"de\",\"@id\":\"https:\\\/\\\/cemsdachforum.com\\\/wordpress\\\/#\\\/schema\\\/logo\\\/image\\\/\",\"url\":\"https:\\\/\\\/cemsdachforum.com\\\/wordpress\\\/wp-content\\\/uploads\\\/2025\\\/07\\\/cropped-CEMS-DACH-LOGO-square.png\",\"contentUrl\":\"https:\\\/\\\/cemsdachforum.com\\\/wordpress\\\/wp-content\\\/uploads\\\/2025\\\/07\\\/cropped-CEMS-DACH-LOGO-square.png\",\"width\":512,\"height\":512,\"caption\":\"CEMS DACH Forum\"},\"image\":{\"@id\":\"https:\\\/\\\/cemsdachforum.com\\\/wordpress\\\/#\\\/schema\\\/logo\\\/image\\\/\"},\"sameAs\":[\"https:\\\/\\\/www.instagram.com\\\/cemsdachforum\"]}]}<\/script>\n<!-- \/ Yoast SEO plugin. -->","yoast_head_json":{"title":"Imprint &#8211; CEMS DACH Forum 2026","description":"Impressum","robots":{"index":"index","follow":"follow","max-snippet":"max-snippet:-1","max-image-preview":"max-image-preview:large","max-video-preview":"max-video-preview:-1"},"canonical":"https:\/\/cemsdachforum.com\/wordpress\/imprint\/","og_locale":"de_DE","og_type":"article","og_title":"Imprint &#8211; CEMS DACH Forum 2026","og_description":"Impressum","og_url":"https:\/\/cemsdachforum.com\/wordpress\/imprint\/","og_site_name":"CEMS DACH Forum 2026","article_modified_time":"2026-03-06T10:51:32+00:00","twitter_card":"summary_large_image","twitter_misc":{"Gesch\u00e4tzte Lesezeit":"3\u00a0Minuten"},"schema":{"@context":"https:\/\/schema.org","@graph":[{"@type":"WebPage","@id":"https:\/\/cemsdachforum.com\/wordpress\/imprint\/","url":"https:\/\/cemsdachforum.com\/wordpress\/imprint\/","name":"Imprint &#8211; CEMS DACH Forum 2026","isPartOf":{"@id":"https:\/\/cemsdachforum.com\/wordpress\/#website"},"datePublished":"2020-01-25T06:48:13+00:00","dateModified":"2026-03-06T10:51:32+00:00","description":"Impressum","breadcrumb":{"@id":"https:\/\/cemsdachforum.com\/wordpress\/imprint\/#breadcrumb"},"inLanguage":"de","potentialAction":[{"@type":"ReadAction","target":["https:\/\/cemsdachforum.com\/wordpress\/imprint\/"]}]},{"@type":"BreadcrumbList","@id":"https:\/\/cemsdachforum.com\/wordpress\/imprint\/#breadcrumb","itemListElement":[{"@type":"ListItem","position":1,"name":"Startseite","item":"https:\/\/cemsdachforum.com\/wordpress\/"},{"@type":"ListItem","position":2,"name":"Imprint"}]},{"@type":"WebSite","@id":"https:\/\/cemsdachforum.com\/wordpress\/#website","url":"https:\/\/cemsdachforum.com\/wordpress\/","name":"CEMS DACH Forum 2025","description":"26. - 29. May, Cologne","publisher":{"@id":"https:\/\/cemsdachforum.com\/wordpress\/#organization"},"potentialAction":[{"@type":"SearchAction","target":{"@type":"EntryPoint","urlTemplate":"https:\/\/cemsdachforum.com\/wordpress\/?s={search_term_string}"},"query-input":{"@type":"PropertyValueSpecification","valueRequired":true,"valueName":"search_term_string"}}],"inLanguage":"de"},{"@type":"Organization","@id":"https:\/\/cemsdachforum.com\/wordpress\/#organization","name":"CEMS DACH Forum","url":"https:\/\/cemsdachforum.com\/wordpress\/","logo":{"@type":"ImageObject","inLanguage":"de","@id":"https:\/\/cemsdachforum.com\/wordpress\/#\/schema\/logo\/image\/","url":"https:\/\/cemsdachforum.com\/wordpress\/wp-content\/uploads\/2025\/07\/cropped-CEMS-DACH-LOGO-square.png","contentUrl":"https:\/\/cemsdachforum.com\/wordpress\/wp-content\/uploads\/2025\/07\/cropped-CEMS-DACH-LOGO-square.png","width":512,"height":512,"caption":"CEMS DACH Forum"},"image":{"@id":"https:\/\/cemsdachforum.com\/wordpress\/#\/schema\/logo\/image\/"},"sameAs":["https:\/\/www.instagram.com\/cemsdachforum"]}]}},"_links":{"self":[{"href":"https:\/\/cemsdachforum.com\/wordpress\/wp-json\/wp\/v2\/pages\/270","targetHints":{"allow":["GET"]}}],"collection":[{"href":"https:\/\/cemsdachforum.com\/wordpress\/wp-json\/wp\/v2\/pages"}],"about":[{"href":"https:\/\/cemsdachforum.com\/wordpress\/wp-json\/wp\/v2\/types\/page"}],"author":[{"embeddable":true,"href":"https:\/\/cemsdachforum.com\/wordpress\/wp-json\/wp\/v2\/users\/1"}],"replies":[{"embeddable":true,"href":"https:\/\/cemsdachforum.com\/wordpress\/wp-json\/wp\/v2\/comments?post=270"}],"version-history":[{"count":20,"href":"https:\/\/cemsdachforum.com\/wordpress\/wp-json\/wp\/v2\/pages\/270\/revisions"}],"predecessor-version":[{"id":1508,"href":"https:\/\/cemsdachforum.com\/wordpress\/wp-json\/wp\/v2\/pages\/270\/revisions\/1508"}],"wp:attachment":[{"href":"https:\/\/cemsdachforum.com\/wordpress\/wp-json\/wp\/v2\/media?parent=270"}],"curies":[{"name":"wp","href":"https:\/\/api.w.org\/{rel}","templated":true}]}}